{"id":5936,"date":"2024-10-29T16:25:58","date_gmt":"2024-10-29T15:25:58","guid":{"rendered":"https:\/\/sens.diktum.website\/?page_id=5936"},"modified":"2024-10-29T16:26:00","modified_gmt":"2024-10-29T15:26:00","slug":"prevoyance-professionnelle-pour-independants","status":"publish","type":"page","link":"https:\/\/sens.diktum.website\/fr\/nos-prestations\/prevoyance-professionnelle-pour-independants\/","title":{"rendered":"Pr\u00e9voyance professionnelle pour ind\u00e9pendants"},"content":{"rendered":"\n<h1>Pr\u00e9voyance professionnelle pour ind\u00e9pendants<\/h1>\n\t<p>La solution de la <a href=\"https:\/\/www.nest-info.ch\/\">Fondation collective Nest<\/a> et de <a href=\"https:\/\/sens.diktum.website\">SENS<\/a> offre une pr\u00e9voyance professionnelle flexible et compl\u00e8te pour les ind\u00e9pendants. La durabilit\u00e9 est au centre des pr\u00e9occupations<\/p>\n\t\t<img loading=\"lazy\" decoding=\"async\" src=\"https:\/\/sens.diktum.website\/wp-content\/uploads\/2024\/10\/Kooperation-SENS-und-Nest.png\" alt=\"Kooperation SENS und Nest\" itemprop=\"image\" height=\"1063\" width=\"1890\" title=\"Kooperation SENS und Nest\" onerror=\"this.style.display='none'\"  \/>\n<h2>Offre<\/h2>\n\t<p><strong>Notre solution<\/strong><\/p>\n<p>Tu es un(e) entrepreneur(e) ind\u00e9pendant(e) et tu souhaites am\u00e9liorer ta protection sociale et financi\u00e8re ? Tu souhaites que ton activit\u00e9 soit durable et qu&rsquo;elle ait un impact positif sur la soci\u00e9t\u00e9 ? Alors nous avons une solution pour toi. Notre coop\u00e9ration avec SENS permet des solutions de pr\u00e9voyance sur mesure pour les ind\u00e9pendants qui \u00e9voluent dans l&rsquo;environnement de l&rsquo;\u00e9conomie ax\u00e9e sur l&rsquo;efficacit\u00e9.<\/p>\n<p><strong>Les plans de pr\u00e9voyance<\/strong><\/p>\n<p>La solution de la Fondation collective Nest propose quatre plans de pr\u00e9voyance au choix, qui se distinguent par leurs modalit\u00e9s de cotisation. Ces plans sont con\u00e7us pour r\u00e9pondre \u00e0 diff\u00e9rentes situations de vie et de carri\u00e8re et pour offrir une flexibilit\u00e9 maximale :<\/p>\n<ol>\n<li><strong>Plan Mini<\/strong> : ce plan offre des prestations de<br \/>pr\u00e9voyance de base et est id\u00e9al pour les ind\u00e9pendants<br \/>qui souhaitent maintenir leur pr\u00e9voyance \u00e0 un niveau<br \/>solide mais abordable.<\/li>\n<li><strong>Plan Mini-Temps partiel<\/strong> : en adaptant la d\u00e9duction de coordination au taux d&rsquo;occupation, ce plan de pr\u00e9voyance offre une solution am\u00e9lior\u00e9e aux assur\u00e9s qui travaillent \u00e0 temps partiel.<\/li>\n<li><strong>Plan Midi<\/strong> : ce plan de pr\u00e9voyance offre des prestations plus \u00e9lev\u00e9es dans le domaine du risque et de l&rsquo;\u00e9pargne.<\/li>\n<li><strong>Plan Maxi<\/strong> : ce plan de pr\u00e9voyance est sp\u00e9cialement con\u00e7u pour les ind\u00e9pendants qui souhaitent \u00e9pargner d\u00e8s le premier franc et obtenir une tr\u00e8s bonne couverture des risques d&rsquo;invalidit\u00e9 et de d\u00e9c\u00e8s. En particulier lorsqu&rsquo;il s&rsquo;agit d&rsquo;assurer un(e) partenaire et des enfants.<\/li>\n<\/ol>\n\t<h4>\n\t\tPlus d&rsquo;informations\t<\/h4>\n\t<p><a href=\"https:\/\/www.nest-info.ch\/\">Fondation collective Nest<\/a><\/p>\n<p><a href=\"https:\/\/www.bsv.admin.ch\/bsv\/fr\/home\/informations-aux\/independants.html\">Office f\u00e9d\u00e9ral des assurances sociales<\/a><\/p>\n<h2>Conditions pr\u00e9alables<\/h2>\n\t<p>La solution de l&rsquo;association pr\u00e9suppose une affiliation \u00e0 SENS. Elle\u00a0 est ouverte \u00e0 tous les entrepreneurs ax\u00e9s sur l&rsquo;efficacit\u00e9* (entrepreneurs sociaux). En r\u00e9sum\u00e9, cela signifie que la maximisation du profit n&rsquo;est pas au centre des pr\u00e9occupations, mais que l&rsquo;entreprise doit avoir un impact positif sur la soci\u00e9t\u00e9. L&rsquo;offre s&rsquo;adresse en outre aux ind\u00e9pendants de tous les secteurs \u00e9conomiques, pour autant que l&rsquo;entreprise n&#8217;emploie pas de personnel suppl\u00e9mentaire.<\/p>\n<p>Tu souhaites profiter de cette offre ? Alors annonce-toi aupr\u00e8s de <a href=\"mailto:offerten@nest- info.ch\" target=\"_blank\" rel=\"noopener\">Fondation collective Nest<\/a>.<\/p>\n\t<h4>\n\t\tSocial Entrepreneurship\t<\/h4>\n\t<p>Agir en tant qu&rsquo;entrepreneur pour un impact social positif : c&rsquo;est le c\u0153ur de <strong>l&rsquo;entrepreneuriat social<\/strong>. C&rsquo;est-\u00e0-dire que ces entreprises r\u00e9alisent leurs b\u00e9n\u00e9fices gr\u00e2ce \u00e0 des produits et des services sur le march\u00e9, mais placent leur mod\u00e8le d&rsquo;entreprise sous l&rsquo;objectif prioritaire d&rsquo;atteindre un impact social, culturel et\/ou environnemental (mission sociale). Le b\u00e9n\u00e9fice est explicitement utilis\u00e9 pour d\u00e9velopper l&rsquo;entreprise et renforcer l&rsquo;objectif d&rsquo;impact. <a href=\"https:\/\/sens.diktum.website\/was-ist-soziales-unternehmertum\/\">En savoir plus ici<\/a>.<\/p>\n\t<h4>\n\t\tDevenir membre de SENS\t<\/h4>\n\t<p>L&rsquo;adh\u00e9sion \u00e0 SENS est facile \u00e0 mettre en place. Il suffit de remplir le <a href=\"https:\/\/sens.diktum.website\/mitmachen\/#anmelden\">formulaire en ligne<\/a> et Mme Rahel Pfister, directrice de SENS, prendra contact avec toi.<\/p>\n<p><a href=\"https:\/\/sens.diktum.website\/mitmachen\/#anmelden\">Cliquez ici pour devenir membre<\/a><\/p>\n\n","protected":false},"excerpt":{"rendered":"<p>Pr\u00e9voyance professionnelle pour ind\u00e9pendants La solution de la Fondation collective Nest et de SENS offre une pr\u00e9voyance professionnelle flexible et compl\u00e8te pour les ind\u00e9pendants. La durabilit\u00e9 est au centre des&hellip;<\/p>\n","protected":false},"author":2,"featured_media":5915,"parent":4943,"menu_order":0,"comment_status":"closed","ping_status":"closed","template":"","meta":{"_acf_changed":false,"_seopress_robots_primary_cat":"","_seopress_titles_title":"","_seopress_titles_desc":"","_seopress_robots_index":"","footnotes":""},"class_list":["post-5936","page","type-page","status-publish","has-post-thumbnail","hentry"],"acf":[],"_links":{"self":[{"href":"https:\/\/sens.diktum.website\/fr\/wp-json\/wp\/v2\/pages\/5936","targetHints":{"allow":["GET"]}}],"collection":[{"href":"https:\/\/sens.diktum.website\/fr\/wp-json\/wp\/v2\/pages"}],"about":[{"href":"https:\/\/sens.diktum.website\/fr\/wp-json\/wp\/v2\/types\/page"}],"author":[{"embeddable":true,"href":"https:\/\/sens.diktum.website\/fr\/wp-json\/wp\/v2\/users\/2"}],"replies":[{"embeddable":true,"href":"https:\/\/sens.diktum.website\/fr\/wp-json\/wp\/v2\/comments?post=5936"}],"version-history":[{"count":3,"href":"https:\/\/sens.diktum.website\/fr\/wp-json\/wp\/v2\/pages\/5936\/revisions"}],"predecessor-version":[{"id":5942,"href":"https:\/\/sens.diktum.website\/fr\/wp-json\/wp\/v2\/pages\/5936\/revisions\/5942"}],"up":[{"embeddable":true,"href":"https:\/\/sens.diktum.website\/fr\/wp-json\/wp\/v2\/pages\/4943"}],"wp:featuredmedia":[{"embeddable":true,"href":"https:\/\/sens.diktum.website\/fr\/wp-json\/wp\/v2\/media\/5915"}],"wp:attachment":[{"href":"https:\/\/sens.diktum.website\/fr\/wp-json\/wp\/v2\/media?parent=5936"}],"curies":[{"name":"wp","href":"https:\/\/api.w.org\/{rel}","templated":true}]}}